{"id":1440,"date":"2014-11-19T08:05:08","date_gmt":"2014-11-19T08:05:08","guid":{"rendered":"http:\/\/themes.themegoods.com\/vega\/?page_id=1440"},"modified":"2024-01-04T10:30:30","modified_gmt":"2024-01-04T10:30:30","slug":"workshops","status":"publish","type":"page","link":"https:\/\/twilight-studio.dk\/da\/workshops\/","title":{"rendered":"Kurser"},"content":{"rendered":"<div  class=\"one withsmallpadding ppb_header\" style=\"text-align:left;padding:30px 0 30px 0;\" >\n<div class=\"standard_wrapper\">\n<div class=\"page_content_wrapper\">\n<div class=\"inner\">\n<div style=\"margin:auto;width:100%\">\n<h2 class=\"ppb_title\" style=\"\">Kommer snart<\/h2>\n<div class=\"ppb_subtitle\" style=\"\">Hurtigst muligt<\/div>\n<div class=\"page_header_sep left\"><\/div>\n<p>Vi planl\u00e6gger nye kurser i 2024!<br \/>\nDenne gang kigger vi p\u00e5 mulighederne for b\u00e5de fysiske og online kurser.<\/p>\n<p>Har du s\u00e6rlige \u00f8nsker til kursus emner? T\u00f8v ikke med at <a href=\"https:\/\/twilight-studio.dk\/da\/pages\/contact-us-2\/\">for\u00e6lle os dem<\/a>.<\/p>\n<\/div>\n<\/div>\n<\/div>\n<\/div>\n<\/div>","protected":false},"excerpt":{"rendered":"<p>Coming Soon ASAP We&#8217;re planning for new workshops in 2024! This time we&#8217;re looking into both in-house and online workshops. Have any particular wishes for subject matters? Pleas don&#8217;t hesitate to let us know.<\/p>","protected":false},"author":1,"featured_media":0,"parent":0,"menu_order":0,"comment_status":"open","ping_status":"open","template":"","meta":{"footnotes":""},"class_list":["post-1440","page","type-page","status-publish","hentry"],"_links":{"self":[{"href":"https:\/\/twilight-studio.dk\/da\/wp-json\/wp\/v2\/pages\/1440","targetHints":{"allow":["GET"]}}],"collection":[{"href":"https:\/\/twilight-studio.dk\/da\/wp-json\/wp\/v2\/pages"}],"about":[{"href":"https:\/\/twilight-studio.dk\/da\/wp-json\/wp\/v2\/types\/page"}],"author":[{"embeddable":true,"href":"https:\/\/twilight-studio.dk\/da\/wp-json\/wp\/v2\/users\/1"}],"replies":[{"embeddable":true,"href":"https:\/\/twilight-studio.dk\/da\/wp-json\/wp\/v2\/comments?post=1440"}],"version-history":[{"count":16,"href":"https:\/\/twilight-studio.dk\/da\/wp-json\/wp\/v2\/pages\/1440\/revisions"}],"predecessor-version":[{"id":6924,"href":"https:\/\/twilight-studio.dk\/da\/wp-json\/wp\/v2\/pages\/1440\/revisions\/6924"}],"wp:attachment":[{"href":"https:\/\/twilight-studio.dk\/da\/wp-json\/wp\/v2\/media?parent=1440"}],"curies":[{"name":"wp","href":"https:\/\/api.w.org\/{rel}","templated":true}]}}