{"id":3253,"date":"2015-07-03T10:16:50","date_gmt":"2015-07-03T10:16:50","guid":{"rendered":"https:\/\/themes.themegoods.com\/photome\/demo\/?page_id=3253"},"modified":"2024-01-05T16:00:38","modified_gmt":"2024-01-05T16:00:38","slug":"about-tas","status":"publish","type":"page","link":"https:\/\/twilight-studio.dk\/da\/about-tas\/","title":{"rendered":"Om os"},"content":{"rendered":"<div  class=\"one withsmallpadding ppb_text withbg\" style=\"text-align:left;background-image:url(https:\/\/twilight-studio.dk\/wp-content\/uploads\/2023\/11\/amanda-pour-header-01-1.jpg);background-position: center bottom;padding:100px 0 100px 0;color:#000000 !important;\" >\n<div class=\"standard_wrapper\">\n<div class=\"page_content_wrapper\">\n<div class=\"inner\" >\n<div style=\"margin: auto; margin-top: 100px;\">\n<h1 style=\"font-size: 92px; color: #000000; text-align: left;\">Twilight Art Studio;<br \/>\nFra tatoveringsstudie til et analogt kunstkollektiv.<\/h1>\n<\/div>\n<\/div>\n<\/div>\n<\/div>\n<\/div>\n<div  class=\"one ppb_fullwidth_button\" style=\"background-color:#222222;padding:30px 0 30px 0;\">\n<div class=\"standard_wrapper\">\n<h2 class=\"title\" style=\"color:#ffffff;\">Vi skaber kunst med passion og fokus. Det g\u00e6lder bestillings s\u00e5vel som personligt arbejde. <\/h2>\n<p><a href=\"https:\/\/twilightstudio.conicio.dk\/pages\/contact-us-2\/\" class=\"button\" style=\"background-color:#ffffff;border-color:#ffffff;color:#222222;\">Contact Us<\/a><\/div>\n<\/div>\n<div  class=\"one\" style=\"background-color:#ffffff;\" >\n<div class=\"page_content_wrapper nopadding\">\n<div class=\"one_half_bg textright\" style=\"padding:50px;\">\n<h2 class=\"ppb_title\" >Vores Filosofi<\/h2>\n<div class=\"page_header_sep left\" ><\/div>\n<div class=\"nicepadding\">Vi er et lille privat kunstkollektiv, partnere i b\u00e5de kunst og livet, og deler vores dr\u00f8mmearbejdsplads.<br \/>\nVores filosofi er at manifestere kreative og unikke kunstv\u00e6rker, prim\u00e6rt spundet ud fra vores fantasi, skabt med passion.<br \/>\nVi er alsidige inden for mange medier og stilarter; grafit og maling p\u00e5 papir, l\u00e6rred og maleplader, samt tatoveringer i huden.<br \/>\nUanset det valgte medie, str\u00e6ber vi efter at levere den bedste f\u00e6rdige kreation, vi overhovedet kan, og derved bringe en smule magi til verden.<\/p>\n<p>Selvom han ikke er kunstner, er vores storsl\u00e5ede webmaster p\u00e5 vores teamliste, da  dette websted ikke ville eksistere uden hans arbejde, hj\u00e6lp og vejledning.<\/p><\/div>\n<\/div>\n<div class=\"one_half_bg\" style=\"background-image:url(https:\/\/twilight-studio.dk\/wp-content\/uploads\/2023\/10\/Cel-01.jpg);height:500px;\"><\/div>\n<p><br class=\"clear\"\/><\/div>\n<\/div>\n<div  class=\"one\" >\n<div class=\"page_content_wrapper nopadding\">\n<div class=\"one_half_bg\" style=\"background-image:url(https:\/\/twilight-studio.dk\/wp-content\/uploads\/2023\/11\/amanda-pour-01.jpg);height:600px;\"><\/div>\n<div class=\"one_half_bg\" style=\"padding:30px;\">\n<h2 class=\"ppb_title\" >Vores historie<\/h2>\n<div class=\"page_header_sep left\" ><\/div>\n<div class=\"nicepadding\">2009:<br \/>\nTwilight art Studio bliver grundlagt og vi \u00e5bnede vores f\u00f8rste fysiske atelier i Fortunstr\u00e6de, i hjertet af Danmarks hovedstad. Der var umiddelbart kun fokus p\u00e5 tatovering.\nHverken privat eller studie adresserne i hjertet af K\u00f8benhavn og Frederiksberg var billige, s\u00e5 der skulle tatoveres fuld tid og arbejdes med kunder 6 dage om ugen for at alt l\u00f8b ordentligt rundt.\nDet viste sig hurtigt ikke at v\u00e6re et problem og studiet blomstrede hurtigt op og Amanda startede et mesterl\u00e6reforl\u00f8b som tatov\u00f8r med Iver som l\u00e6remester.<\/p>\n<p>2011:<br \/>\nStudiet blev totalt oversv\u00f8mmet af kloakvand under skybruddet den 2. Juli, og lejem\u00e5let i Fortunstr\u00e6de m\u00e5tte opsiges, da det ville tage al for lang tid at reparerer stedet. \nVi flyttede derfor til et penthouse-studie i Knabrostr\u00e6de, stadig i centrum af K\u00f8benhavn, og dermed undgik enhver mulighed for fremtidig oversv\u00f8mmelse.<\/p>\n<p>2013:<br \/>\nIver fik voldsomme rygsmerter, blev skannet og der blev konstateret 2 diskusprolaps, der var alvorlige nok til at forhindre ham i at tatovere regelm\u00e6ssigt, hvilket indtil da havde givet vores br\u00f8d, sm\u00f8r og husleje.<br \/>\nEfter nogle m\u00e5neder blev det klart at vi var n\u00f8dt til at opsige lejem\u00e5l af b\u00e5de studie og hjem, finde nye steder at bo og arbejde og nye m\u00e5der at f\u00e5 det hele til at fungere p\u00e5.\nMed hj\u00e6lp fra vores ven og kollega David Engelmann, fik vi et billigt midlertidigt sted at bo, samt en plads i hans nye studie i Schleppegrellsgade hvor Iver kunne arbejde som helbredet tillod.<\/p>\n<p>2014:<br \/>\nEfter lidt flytten rundt, bosatte vi os privat  i et nyt hjem p\u00e5 Bornholm, og fik mulighed for fast at leje os ind p\u00e5 en separat halvdel af studiet i Schleppegrellsgade p\u00e5 N\u00f8rrebro, lige ved siden af de gamle voldgrave i K\u00f8benhavn.\nS\u00e5 skulle der pendles! Studiet var stort nok til at huse en lille privat afdeling med mulighed for overnatning, s\u00e5 Iver kunne arbejde flere sammenh\u00e6ngende dage af gangen. Amanda stoppede sit l\u00e6reforl\u00f8b ved beslutningen om at flytte til Bornholm, da den dr\u00f8m inkluderede at ahave hund.<\/div>\n<\/div>\n<p><br class=\"clear\"\/><\/div>\n<\/div>\n<div  class=\"one\" >\n<div class=\"page_content_wrapper nopadding\">\n<div class=\"one_half_bg textright\" style=\"padding:30px;\">\n<div class=\"nicepadding\">2018:<br \/>\nVores gode ven og udlejer valgte efter lange overvejelser at opsige sit lejem\u00e5l, hvilket gav os mulighed for at leje det kombinerede lejem\u00e5l; beholde vores og ogs\u00e5 f\u00e5 hans gamle atelier. Alternativt skulle vi flytte igen, men vi var super glade for studiet og valgte at satse p\u00e5 at det kunne virke.<br \/>\nMen med det valg havde vi pludselig langt mere plads end n\u00f8dvendigt. \nS\u00e5 der formedes stille en ide om at tjekke muligheden for at f\u00e5 et par stykker til p\u00e5 holdet.<\/p>\n<p>2020:<br \/>\n3 months after getting a new member on the TAS team, Maj Walter, the first Corvid lockdown hit. And it hit hard. Once we opened up again, we prepared for a second lockdown, which it didn&#8217;t take any fortune cookie to tell loomed in the horizon.<\/p>\n<p>2021:<br \/>\nDen anden nedlukning ramte endnu h\u00e5rdere, og de 105 dages isolation og lavere indkomst tog virkelig h\u00e5rdt p\u00e5 alle, inklusiv os. Den var sv\u00e6r at rejse sig fra. <span style=\"color: #000000;\">I slutningen af \u201921 stod det klart, at vi skulle ryste posen og l\u00e6gge nye planer. S\u00e5 vi lukkede studiet, Maj \u00e5bnede sir eget, som hun inviterede Iver til at lave sit tatoveringsarbejde fra, og alle andre kreative bestr\u00e6belser blev gjort hjemmefra.<\/span><\/p>\n<p>2022:<br \/>\nHen over sommeren tog Amandas helbred en rigtig d\u00e5rlig drejning; hun blev indlagt og diagnosticeret med <span style=\"color: #4d5156;\">KOL og emfysem i lungerne. I slutningen af \u00e5ret besluttede vi at flytte tilbage til Sj\u00e6lland hurtigst muligt, t\u00e6ttere p\u00e5 familie og venner, og i et nyt hjem med et mere sundt og kontrollerbart indeklima.\u00a0<\/span><\/div>\n<\/div>\n<div class=\"one_half_bg\" style=\"background-image:url(https:\/\/twilight-studio.dk\/wp-content\/uploads\/2023\/10\/TAS.png);height:600px;\"><\/div>\n<p><br class=\"clear\"\/><\/div>\n<\/div>\n<div  class=\"one ppb_fullwidth_button\" style=\"background-color:#222222;padding:30px 0 30px 0;\">\n<div class=\"standard_wrapper\">\n<h2 class=\"title\" style=\"color:#ffffff;\">Any questions or enquires, don&#039;t hesitate&#8230;<\/h2>\n<p><a href=\"https:\/\/twilight-studio.dk\/da\/pages\/contact-us-2\/\" class=\"button\" >contact us<\/a><\/div>\n<\/div>\n<div  class=\"parallax\" data-image=\"https:\/\/twilight-studio.dk\/wp-content\/uploads\/2023\/10\/natur-02.png\" data-width=\"1894\" data-height=\"826\" style=\"height:150px; \"><\/div>\n<div  class=\"one withsmallpadding ppb_header\" style=\"padding-bottom:0 !important;text-align:center;padding:50px 0 50px 0;background-color:#f9f9f9;\" >\n<div class=\"standard_wrapper\">\n<div class=\"page_content_wrapper\">\n<div class=\"inner\">\n<div style=\"margin:auto;width:100%\">\n<h2 class=\"ppb_title\" style=\"\">Our Team<\/h2>\n<div class=\"ppb_subtitle\" style=\"\">We are creative people<\/div>\n<div class=\"page_header_sep center\"><\/div>\n<\/div>\n<\/div>\n<\/div>\n<\/div>\n<\/div>\n<div  class=\"one withsmallpadding ppb_team_column\" style=\"padding-bottom:0 !important;padding:30px;background-color:#f9f9f9;\" >\n<div class=\"page_content_wrapper\" style=\"text-align:center\">\n<div class=\"inner\">\n<div class=\"standard_wrapper\">\n<div class=\"team_wrapper\">\n<div class=\"one_third animated1\">\n<div class=\"post_img team\"><img decoding=\"async\" class=\"team_pic animated\" data-animation=\"fadeIn\" src=\"https:\/\/twilight-studio.dk\/wp-content\/uploads\/2023\/11\/A-portrait.png\" alt=\"\"\/><\/div>\n<p><br class=\"clear\"\/><\/p>\n<div id=\"portfolio_desc_2622\" class=\"portfolio_desc team\">\n<h5 >Amanda Ryberg<\/h5>\n<div class=\"post_detail\" >Founder, Paint-pourer<\/div>\n<ul class=\"social_wrapper team\">\n<li><a title=\"Amanda Ryberg on Facebook\" target=\"_blank\" class=\"tooltip\" href=\"http:\/\/facebook.com\/#https:\/\/www.facebook.com\/profile.php?id=100028543406986\" rel=\"noopener\"><i class=\"fa fa-facebook\"><\/i><\/a><\/li>\n<li><a title=\"Amanda Ryberg on Instagram\" target=\"_blank\" class=\"tooltip\" href=\"https:\/\/www.instagram.com\/twilightartstudio\/\" rel=\"noopener\"><i class=\"fa fa-instagram\"><\/i><\/a><\/li>\n<\/ul>\n<\/div>\n<\/div>\n<div class=\"one_third animated2\">\n<div class=\"post_img team\"><img decoding=\"async\" class=\"team_pic animated\" data-animation=\"fadeIn\" src=\"https:\/\/twilight-studio.dk\/wp-content\/uploads\/2015\/05\/I-portrait.png\" alt=\"\"\/><\/div>\n<p><br class=\"clear\"\/><\/p>\n<div id=\"portfolio_desc_3170\" class=\"portfolio_desc team\">\n<h5 >Iver G\u00f8rtz<\/h5>\n<div class=\"post_detail\" >Founder, Inkslinger<\/div>\n<ul class=\"social_wrapper team\">\n<li><a title=\"Iver G\u00f8rtz on Facebook\" target=\"_blank\" class=\"tooltip\" href=\"http:\/\/facebook.com\/#https:\/\/www.facebook.com\/iverta2\" rel=\"noopener\"><i class=\"fa fa-facebook\"><\/i><\/a><\/li>\n<li><a title=\"Iver G\u00f8rtz on Linkedin\" target=\"_blank\" class=\"tooltip\" href=\"https:\/\/www.linkedin.com\/in\/iver-g\u00f8rtz-75b36361\/\" rel=\"noopener\"><i class=\"fa fa-linkedin\"><\/i><\/a><\/li>\n<li><a title=\"Iver G\u00f8rtz on Instagram\" target=\"_blank\" class=\"tooltip\" href=\"https:\/\/www.instagram.com\/iver_goertz\/\" rel=\"noopener\"><i class=\"fa fa-instagram\"><\/i><\/a><\/li>\n<\/ul>\n<\/div>\n<\/div>\n<div class=\"one_third animated3 last\">\n<div class=\"post_img team\"><img decoding=\"async\" class=\"team_pic animated\" data-animation=\"fadeIn\" src=\"https:\/\/twilight-studio.dk\/wp-content\/uploads\/2023\/11\/J-portrait.png\" alt=\"\"\/><\/div>\n<p><br class=\"clear\"\/><\/p>\n<div id=\"portfolio_desc_6524\" class=\"portfolio_desc team last\">\n<h5 >Jakob Mikkelsen<\/h5>\n<div class=\"post_detail\" >Webmaster, Shark-hugger<\/div>\n<ul class=\"social_wrapper team\">\n<li><a title=\"Jakob Mikkelsen on Linkedin\" target=\"_blank\" class=\"tooltip\" href=\"https:\/\/www.linkedin.com\/in\/mikkelsenjakob\/\" rel=\"noopener\"><i class=\"fa fa-linkedin\"><\/i><\/a><\/li>\n<\/ul>\n<\/div>\n<\/div>\n<\/div>\n<\/div>\n<\/div>\n<\/div>\n<\/div>\n<div  class=\"one withsmallpadding ppb_header\" style=\"text-align:center;padding:50px 0 50px 0;\" >\n<div class=\"standard_wrapper\">\n<div class=\"page_content_wrapper\">\n<div class=\"inner\">\n<div style=\"margin:auto;width:100%\">\n<h2 class=\"ppb_title\" style=\"\">Recent Works<\/h2>\n<div class=\"ppb_subtitle\" style=\"\">Checkout our latest works<\/div>\n<div class=\"page_header_sep center\"><\/div>\n<\/div>\n<\/div>\n<\/div>\n<\/div>\n<\/div>\n<div  class=\"ppb_portfolio one nopadding\" >\n<div class=\"page_content_wrapper\">\n<div id=\"17044704381906360178\" class=\"portfolio_filter_wrapper gallery portfolio-content section content clearfix three_cols wide\">\n<div class=\"element classic3_cols\">\n<div class=\"one_third gallery3 filterable static animated1 portfolio_type\"><a href=\"https:\/\/twilight-studio.dk\/da\/portfolios\/amanda-ryberg\/\"><img decoding=\"async\" src=\"https:\/\/twilight-studio.dk\/wp-content\/uploads\/2023\/10\/pour-01-701x529.jpg\" alt=\"Chaos Close-up\"\/><\/p>\n<div id=\"portfolio_desc_6309\" class=\"portfolio_title\">\n<div class=\"table\">\n<div class=\"cell\">\n<h5>Chaos Close-up<\/h5>\n<div class=\"post_detail\"><\/div>\n<\/p><\/div>\n<\/p><\/div>\n<\/p><\/div>\n<p><\/a><\/div>\n<\/div>\n<div class=\"element classic3_cols\">\n<div class=\"one_third gallery3 filterable static animated2 portfolio_type\"><a href=\"https:\/\/twilight-studio.dk\/da\/portfolios\/iver-test\/\"><img decoding=\"async\" src=\"https:\/\/twilight-studio.dk\/wp-content\/uploads\/2023\/10\/piv-healed-483x529.jpg\" alt=\"Pegawolf\"\/><\/p>\n<div id=\"portfolio_desc_6510\" class=\"portfolio_title\">\n<div class=\"table\">\n<div class=\"cell\">\n<h5>Pegawolf<\/h5>\n<div class=\"post_detail\"><\/div>\n<\/p><\/div>\n<\/p><\/div>\n<\/p><\/div>\n<p><\/a><\/div>\n<\/div>\n<div class=\"element classic3_cols\">\n<div class=\"one_third gallery3 filterable static animated3 portfolio_type\"><a href=\"https:\/\/twilight-studio.dk\/da\/portfolios\/skull-factory\/\"><img decoding=\"async\" src=\"https:\/\/twilight-studio.dk\/wp-content\/uploads\/2023\/10\/FB-03-1-563x529.jpg\" alt=\"Skull Factory\"\/><\/p>\n<div id=\"portfolio_desc_6511\" class=\"portfolio_title\">\n<div class=\"table\">\n<div class=\"cell\">\n<h5>Skull Factory<\/h5>\n<div class=\"post_detail\"><\/div>\n<\/p><\/div>\n<\/p><\/div>\n<\/p><\/div>\n<p><\/a><\/div>\n<\/div>\n<div class=\"element classic3_cols\">\n<div class=\"one_third gallery3 filterable static animated4 portfolio_type\"><a href=\"https:\/\/twilight-studio.dk\/da\/portfolios\/iver-gortz-portfolio\/\"><img decoding=\"async\" src=\"https:\/\/twilight-studio.dk\/wp-content\/uploads\/2023\/10\/Viking-01-521x529.jpg\" alt=\"Ancestors I\"\/><\/p>\n<div id=\"portfolio_desc_6675\" class=\"portfolio_title\">\n<div class=\"table\">\n<div class=\"cell\">\n<h5>Ancestors I<\/h5>\n<div class=\"post_detail\"><\/div>\n<\/p><\/div>\n<\/p><\/div>\n<\/p><\/div>\n<p><\/a><\/div>\n<\/div>\n<\/div>\n<\/div>\n<\/div>\n<div  class=\"one ppb_fullwidth_button\" >\n<div class=\"standard_wrapper\"><\/div>\n<\/div>","protected":false},"excerpt":{"rendered":"<p>Twilight Art Studio; From tattoo studio to an Analog Art Collective. We create art with passion and focus. That goes for commissions as well as personal work. Contact Us Our Philosophy We are a small private art collective, partners in [&hellip;]<\/p>","protected":false},"author":1,"featured_media":0,"parent":0,"menu_order":0,"comment_status":"open","ping_status":"open","template":"","meta":{"footnotes":""},"class_list":["post-3253","page","type-page","status-publish","hentry"],"_links":{"self":[{"href":"https:\/\/twilight-studio.dk\/da\/wp-json\/wp\/v2\/pages\/3253","targetHints":{"allow":["GET"]}}],"collection":[{"href":"https:\/\/twilight-studio.dk\/da\/wp-json\/wp\/v2\/pages"}],"about":[{"href":"https:\/\/twilight-studio.dk\/da\/wp-json\/wp\/v2\/types\/page"}],"author":[{"embeddable":true,"href":"https:\/\/twilight-studio.dk\/da\/wp-json\/wp\/v2\/users\/1"}],"replies":[{"embeddable":true,"href":"https:\/\/twilight-studio.dk\/da\/wp-json\/wp\/v2\/comments?post=3253"}],"version-history":[{"count":148,"href":"https:\/\/twilight-studio.dk\/da\/wp-json\/wp\/v2\/pages\/3253\/revisions"}],"predecessor-version":[{"id":6947,"href":"https:\/\/twilight-studio.dk\/da\/wp-json\/wp\/v2\/pages\/3253\/revisions\/6947"}],"wp:attachment":[{"href":"https:\/\/twilight-studio.dk\/da\/wp-json\/wp\/v2\/media?parent=3253"}],"curies":[{"name":"wp","href":"https:\/\/api.w.org\/{rel}","templated":true}]}}