{"id":6315,"date":"2023-10-13T18:05:08","date_gmt":"2023-10-13T18:05:08","guid":{"rendered":"https:\/\/twilightstudio.conicio.dk\/?page_id=6315"},"modified":"2024-01-16T19:12:17","modified_gmt":"2024-01-16T19:12:17","slug":"ar","status":"publish","type":"page","link":"https:\/\/twilight-studio.dk\/da\/ar\/","title":{"rendered":"Amanda Ryberg"},"content":{"rendered":"<div  class=\"one withsmallpadding ppb_text\" style=\"padding:50px 0 50px 0;\" >\n<div class=\"standard_wrapper\">\n<div class=\"page_content_wrapper\">\n<div class=\"inner\">\n<div style=\"margin:auto;width:70%\">\n<blockquote>\n<p>Introduktion til Amanda Ryberg: En dansk lokal kunstner med passion for fyldende kunst og kreativitet.<\/p>\n<\/blockquote>\n<p><strong style=\"font-weight: 600; color: var(--tw-prose-bold);\">Begyndelsen i Odsherred<\/strong><br \/>\nAmanda Rybergs kunstneriske rejse tog sin start i Odsherreds maleriske landskab. Omgivet af naturens sk\u00f8nhed begyndte hendes k\u00e6rlighed til farver og former at manifestere sig fra en tidlig alder.<\/p>\n<\/div>\n<\/div>\n<\/div>\n<\/div>\n<\/div>\n<div  class=\"parallax\" data-image=\"https:\/\/twilight-studio.dk\/wp-content\/uploads\/2023\/10\/pour-01.jpg\" data-width=\"701\" data-height=\"889\" style=\"height:200px; \"><\/div>\n<div class=\"standard_wrapper\">\n<div  class=\"one_half withsmallpadding ppb_text\" style=\"padding:50px 0 50px 0;\" >\n<div class=\"standard_wrapper\">\n<div class=\"page_content_wrapper\">\n<div class=\"inner\">\n<div style=\"margin:auto;width:100%\">\n<p><strong style=\"font-weight: 600; color: var(--tw-prose-bold);\">Mestring af farvekunsten<br \/>\n<\/strong><span style=\"color: #374151;\">I tyverne blev Amanda f\u00e6rdiguddannet og p\u00e5begyndte en karriere som bygningsmaler. Arbejdet i denne profession lagde grundlaget for hendes ekspertise inden for farveteori og -anvendelse.<br \/>\n<\/span><span style=\"color: #374151;\">Senere, da helbredsproblemer relateret til dampene i dette fag ramte hende, begyndte hun at arbejde som ekspedient i en malerbutik, hvilket udviklede hendes viden om farver og maling yderligere. <\/span><\/p>\n<p><span style=\"color: #374151;\">Det hele endte som vigtige skridt mod en dybere forst\u00e5else af de nuancer og toner, der senere skulle blive signaturen for hendes kunst.<\/span><\/p>\n<\/div>\n<\/div>\n<\/div>\n<\/div>\n<\/div>\n<\/div>\n<div class=\"standard_wrapper\">\n<div  class=\"one_half last withsmallpadding ppb_text\" style=\"padding:50px 0 50px 0;\" >\n<div class=\"standard_wrapper\">\n<div class=\"page_content_wrapper\">\n<div class=\"inner\">\n<div style=\"margin:auto;width:100%\">\n<p><strong style=\"font-weight: 600; color: var(--tw-prose-bold);\">Twilight Art Studio<br \/>\n<\/strong>I 2009 grundlagde Amanda og hendes partner, Iver G\u00f8rtz, Twilight Art Studio. De tos kunstkollektiv blev l\u00e6rredet for deres kreative ambitioner. \n\nHer begyndte Amandas passion for kunstnerisk maleri at blomstre, hvilket gennem \u00e5rene f\u00f8rte hende ind i den fortryllende verden af flydende kunst.<\/p>\n<\/div>\n<\/div>\n<\/div>\n<\/div>\n<\/div>\n<\/div>\n<div  class=\"parallax\" data-image=\"https:\/\/twilight-studio.dk\/wp-content\/uploads\/2023\/10\/pour-01.jpg\" data-width=\"701\" data-height=\"889\" style=\"height:200px; \"><\/div>\n<div  class=\"one withsmallpadding ppb_text\" style=\"padding:30px 0 30px 0;\" >\n<div class=\"standard_wrapper\">\n<div class=\"page_content_wrapper\">\n<div class=\"inner\">\n<div style=\"margin:auto;width:100%\">\n<p><strong>Den flydende kunstrejse<\/strong><br \/>\nAmandas kunst er en uds\u00f8gt kombination af sammenh\u00e6ngene farver og former, der smelter sammen for at skabe fascinerende kreationer. Hendes arbejde afspejler hendes start p\u00e5 livet i det smukke Odsherred, og hendes beherskelse af farvel\u00e6re skinner igennem i de str\u00f8mme af farver, hun fremtryller.<\/p>\n<p>Ud over sine bem\u00e6rkelsesv\u00e6rdige malerier er Amanda ogs\u00e5 en talentfuld kunsth\u00e5ndv\u00e6rker, der laver specialindbundne b\u00f8ger og journaler med tomme sider, og inviterer fremtidige kunstnere og kunstentusiaster til at fylde disse sider med deres egen kreativitet.<\/p>\n<p>Amanda Rybergs rejse er et vidnesbyrd om kunstens transformative kraft og den sk\u00f8nhed, der kan dukke op fra de mest uventede steder. Hendes flydende kunstkreationer er en fejring af hendes r\u00f8dder, hendes oplevelser og hendes k\u00e6rlighed til at skabe.<\/p>\n<\/div>\n<\/div>\n<\/div>\n<\/div>\n<\/div>\n<div  class=\"parallax\" data-image=\"https:\/\/twilight-studio.dk\/wp-content\/uploads\/2023\/10\/pour-01.jpg\" data-width=\"701\" data-height=\"889\" style=\"height:200px; \"><\/div>","protected":false},"excerpt":{"rendered":"<p>Introducing Amanda Ryberg: A Danish Local Artist with a Passion for Fluid Art and Creativity. The Beginning in Rural Zealand Amanda Ryberg&#8217;s artistic journey was born in the picturesque rural landscapes of Zealand, Denmark. Surrounded by the beauty of nature, [&hellip;]<\/p>","protected":false},"author":2,"featured_media":6247,"parent":0,"menu_order":0,"comment_status":"closed","ping_status":"closed","template":"","meta":{"footnotes":""},"class_list":["post-6315","page","type-page","status-publish","has-post-thumbnail","hentry"],"_links":{"self":[{"href":"https:\/\/twilight-studio.dk\/da\/wp-json\/wp\/v2\/pages\/6315","targetHints":{"allow":["GET"]}}],"collection":[{"href":"https:\/\/twilight-studio.dk\/da\/wp-json\/wp\/v2\/pages"}],"about":[{"href":"https:\/\/twilight-studio.dk\/da\/wp-json\/wp\/v2\/types\/page"}],"author":[{"embeddable":true,"href":"https:\/\/twilight-studio.dk\/da\/wp-json\/wp\/v2\/users\/2"}],"replies":[{"embeddable":true,"href":"https:\/\/twilight-studio.dk\/da\/wp-json\/wp\/v2\/comments?post=6315"}],"version-history":[{"count":127,"href":"https:\/\/twilight-studio.dk\/da\/wp-json\/wp\/v2\/pages\/6315\/revisions"}],"predecessor-version":[{"id":6966,"href":"https:\/\/twilight-studio.dk\/da\/wp-json\/wp\/v2\/pages\/6315\/revisions\/6966"}],"wp:featuredmedia":[{"embeddable":true,"href":"https:\/\/twilight-studio.dk\/da\/wp-json\/wp\/v2\/media\/6247"}],"wp:attachment":[{"href":"https:\/\/twilight-studio.dk\/da\/wp-json\/wp\/v2\/media?parent=6315"}],"curies":[{"name":"wp","href":"https:\/\/api.w.org\/{rel}","templated":true}]}}