{"id":6396,"date":"2023-10-15T07:49:56","date_gmt":"2023-10-15T07:49:56","guid":{"rendered":"https:\/\/twilightstudio.conicio.dk\/?page_id=6396"},"modified":"2024-02-02T14:40:47","modified_gmt":"2024-02-02T14:40:47","slug":"intro","status":"publish","type":"page","link":"https:\/\/twilight-studio.dk\/da\/intro\/","title":{"rendered":"Iver G\u00f8rtz"},"content":{"rendered":"<div  class=\"one withsmallpadding ppb_text\" style=\"padding:50px 0 50px 0;\" >\n<div class=\"standard_wrapper\">\n<div class=\"page_content_wrapper\">\n<div class=\"inner\">\n<div style=\"margin:auto;width:100%\">\n<blockquote>\n<p style=\"color: #374151; text-align: center;\">Introduktion til Iver G\u00f8rtz: Den analoge kunstner<\/p>\n<\/blockquote>\n<p style=\"color: #374151;\"><strong>M\u00f8d iver G\u00f8rtz, en Dansk kreativ kraft<\/strong><br \/>\nMed et liv som professionel tatov\u00f8r p\u00e5 fuld tid, siden han var 17 \u00e5r gammel, har Ivers karriere over \u00e5rene udviklet sig til at omfatte kunst i forskelige medier.<\/p>\n<p style=\"color: #374151;\">Selvom Iver ubestridt har haft prim\u00e6rt fokus p\u00e5 tatoveringskunsten, siden han startede som l\u00e6rling i 1991, har han aldrig v\u00e6ret tilfreds med kun at fokusere p\u00e5 \u00e9n ting hele tiden - hverken i forhold til stilarter eller medier.<br \/>\nDerfor har han l\u00e6rt sig at beherske forskellige stilarter og teknikker med b\u00e5de tatovering, blyant, grafitpulver og akrylmaling.<\/p>\n<p style=\"color: #374151;\">Som noget relativt nyt, har han besluttet at l\u00e6gge akrylmalingenp\u00e5 hylden og i stedet fokusere p\u00e5 traditionelt oliemaleri.<\/p>\n<\/div>\n<\/div>\n<\/div>\n<\/div>\n<\/div>\n<div  class=\"parallax\" data-image=\"https:\/\/twilight-studio.dk\/wp-content\/uploads\/2023\/10\/Silja.png\" data-width=\"700\" data-height=\"545\" style=\"height:300px; \"><\/div>\n<div  class=\"one withsmallpadding ppb_text\" style=\"padding:30px 0 30px 0;\" >\n<div class=\"standard_wrapper\">\n<div class=\"page_content_wrapper\">\n<div class=\"inner\">\n<div style=\"margin:auto;width:100%\">\n<p><strong>Tatovering<\/strong><\/p>\n<p>Med base i det fortryllende studie <a href=\"https:\/\/www.instagram.com\/majsen_tattoo_and_art\/\">Majsen Tattoo &#038; Art<\/a> i K\u00f8benhavn, er Ivers tatoveringskunst en blanding af frih\u00e5nds- og stencildesign, der forvandler det menneskelige l\u00e6rred til et originalt levende kunstv\u00e6rk.<\/p>\n<p>Hans arbejde med n\u00e5len er et samarbejde mellem kunstner og klient, hvilket resulterer i unikke og personlige stykker tatoveringskunst.<\/p>\n<p>Enkelt eller indviklet? Enhver accepteret tatoveringsopgave bliver lidenskabeligt lavet med de f\u00e6rdigheder og den viden, Iver har indsamlet og finpudset gennem sine mere end 30 \u00e5r som professionel tatov\u00f8r p\u00e5 den travle k\u00f8benhavnske scene<\/p>\n<p>Fra 2024 tatoverer han udelukkende i sort og gr\u00e5toner (p\u00e5 grund af den nye EU-lovgivning og dens konsekvenser for farvernes levetid i tatoveringer).<\/p>\n<\/div>\n<\/div>\n<\/div>\n<\/div>\n<\/div>\n<div  class=\"one withsmallpadding ppb_text\" style=\"padding:30px 0 30px 0;\" >\n<div class=\"standard_wrapper\">\n<div class=\"page_content_wrapper\">\n<div class=\"inner\">\n<div style=\"margin:auto;width:80%\">\n<blockquote>\n<p>&#8220;<em>DER ER IKKE PLADS TIL KUNSTNERISKE EKSPERIMENTER, N\u00c5R F\u00d8RST MAN ER I GANG MED AT TATOVERE: MAN M\u00c6RKER MENNESKER FOR LIVET, OG DERFOR BRUGER JEG PAPIR OG L\u00c6RRED TIL MIN KUNSTNERISKE UDVIKLING OG TIL AT EKSPERIMENTERE.<\/em>&#8221;<\/p>\n<p>-Iver<\/p>\n<\/blockquote>\n<\/div>\n<\/div>\n<\/div>\n<\/div>\n<\/div>\n<div  class=\"parallax\" data-image=\"https:\/\/twilight-studio.dk\/wp-content\/uploads\/2023\/10\/Cel-01.jpg\" data-width=\"1080\" data-height=\"1350\" style=\"height:200px; \"><\/div>\n<div  class=\"one withsmallpadding ppb_text\" style=\"padding:30px 0 30px 0;\" >\n<div class=\"standard_wrapper\">\n<div class=\"page_content_wrapper\">\n<div class=\"inner\">\n<div style=\"margin:auto;width:100%\">\n<p><span style=\"color: #374151;\"><strong>Tegninger og malerier<\/strong><\/span><\/p>\n<p>Ud over tatoveringsarbejdet er det Ivers andre passioner som maler og tegner, han bruger det meste af sin tid p\u00e5. Det sker i de fredfyldte omgivelser i <a style=\"color: #95a5ca;\" href=\"https:\/\/twilightstudio.conicio.dk\/about-tas\/\">Twilight Art Studio<\/a><span style=\"color: #374151;\">, et landligt privat atelier, hvor kreativiteten flyder i mange former og medier.<\/span><\/p>\n<p>Ivers kunst er en stille fejring af b\u00e5de livets indviklede sk\u00f8nhed og forfald.<\/p>\n<p>Hans malerier og tegninger er inspireret af mange ting; ikke kun de skandinaviske landskaber, sagaer og naturens mystiske tiltr\u00e6kning og sk\u00f8nhed, men ogs\u00e5 de m\u00f8rke afkroge af verden og sindet.<\/p>\n<p>Uanset om det er med maling eller grafit inviterer han dig ind i sine dr\u00f8mmelandskaber af mystik, symbolik og subtile f\u00f8lelser.<\/p>\n<\/div>\n<\/div>\n<\/div>\n<\/div>\n<\/div>\n<div  class=\"one withsmallpadding ppb_text\" style=\"padding:30px 0 30px 0;\" >\n<div class=\"standard_wrapper\">\n<div class=\"page_content_wrapper\">\n<div class=\"inner\">\n<div style=\"margin:auto;width:80%\">\n<blockquote>\n<p>\"N\u00c5R JEG DYKKER NED I DEN MAGISKE VERDEN AF TRADITIONELT OLIEMALERI, SIGTER JEG EFTER AT BLIVE VED MED AT L\u00c6RE OG UDFORSKE, B\u00c5DE KUNSTNERISK OG TEKNISK, OG MED ET STORT FOKUS P\u00c5 MALERIERNES LEVETID\"<\/p>\n<p>-Iver<\/p>\n<\/blockquote>\n<\/div>\n<\/div>\n<\/div>\n<\/div>\n<\/div>\n<div  class=\"parallax\" data-image=\"https:\/\/twilight-studio.dk\/wp-content\/uploads\/2023\/10\/organic.jpg\" data-width=\"1171\" data-height=\"860\" style=\"height:300px; \"><\/div>\n<div  class=\"one withsmallpadding ppb_text\" style=\"padding:30px 0 30px 0;\" >\n<div class=\"standard_wrapper\">\n<div class=\"page_content_wrapper\">\n<div class=\"inner\">\n<div style=\"margin:auto;width:100%\">\n<p>Efter i 2013 at have mistet hjem og studie som f\u00f8lge af en arbejdsrelateret rygskade m\u00e5tte Iver genopfinde sig selv og sit virke som tatov\u00f8r\nDer skulle etableres en helt ny selvopfattelse og erkendelse for at overkomme denne nye situation.<br \/>\nSt\u00f8tte fra loyale kunder, venner, familie og en standhaftig og k\u00e6rlig partner blev parret med viljestyrke og universets ynde, og som s\u00e5dan opstod en arbejdsgang, som muligg\u00f8r hans fortsatte vilje til at skabe tatoveringskunst i mange \u00e5r fremover.<\/p>\n<p>Hvis du s\u00f8ger en kunstner, der kan forvandle dine ideer til et tatoveringsmesterv\u00e6rk, eller hvis du er tiltrukket af magien i kreationerne fremtryllet i det landlige atelier, er Iver G\u00f8rtz m\u00e5ske den kreative kraft, du har ledt efter.<\/p>\n<p>For kommission eller andre foresp\u00f8rgsler, t\u00f8v ikke med at kontakte os ved at bruge <a href=\"https:\/\/twilight-studio.dk\/da\/pages\/contact-us-2\/\">kontakt formlen<\/a><\/p>\n<\/div>\n<\/div>\n<\/div>\n<\/div>\n<\/div>\n<div  class=\"parallax\" data-image=\"https:\/\/twilight-studio.dk\/wp-content\/uploads\/2024\/01\/Iver-2.jpg\" data-width=\"1461\" data-height=\"780\" style=\"height:300px; \"><\/div>","protected":false},"excerpt":{"rendered":"<p>Introducing Iver G\u00f8rtz: The The Analog Artist. Meet Iver G\u00f8rtz, a Danish creative force Since an early start, living as a fulltime tattoo artist from the age of 17, Iver&#8217;s career has evolved over the years to encompass artworks and [&hellip;]<\/p>","protected":false},"author":2,"featured_media":0,"parent":0,"menu_order":0,"comment_status":"closed","ping_status":"closed","template":"","meta":{"footnotes":""},"class_list":["post-6396","page","type-page","status-publish","hentry"],"_links":{"self":[{"href":"https:\/\/twilight-studio.dk\/da\/wp-json\/wp\/v2\/pages\/6396","targetHints":{"allow":["GET"]}}],"collection":[{"href":"https:\/\/twilight-studio.dk\/da\/wp-json\/wp\/v2\/pages"}],"about":[{"href":"https:\/\/twilight-studio.dk\/da\/wp-json\/wp\/v2\/types\/page"}],"author":[{"embeddable":true,"href":"https:\/\/twilight-studio.dk\/da\/wp-json\/wp\/v2\/users\/2"}],"replies":[{"embeddable":true,"href":"https:\/\/twilight-studio.dk\/da\/wp-json\/wp\/v2\/comments?post=6396"}],"version-history":[{"count":80,"href":"https:\/\/twilight-studio.dk\/da\/wp-json\/wp\/v2\/pages\/6396\/revisions"}],"predecessor-version":[{"id":6990,"href":"https:\/\/twilight-studio.dk\/da\/wp-json\/wp\/v2\/pages\/6396\/revisions\/6990"}],"wp:attachment":[{"href":"https:\/\/twilight-studio.dk\/da\/wp-json\/wp\/v2\/media?parent=6396"}],"curies":[{"name":"wp","href":"https:\/\/api.w.org\/{rel}","templated":true}]}}